{"id":2769,"date":"2022-09-01T12:50:16","date_gmt":"2022-09-01T12:50:16","guid":{"rendered":"https:\/\/thegenius.co\/wp\/finlon\/live\/?page_id=2769"},"modified":"2024-03-08T09:31:18","modified_gmt":"2024-03-08T08:31:18","slug":"kreditanfrage","status":"publish","type":"page","link":"https:\/\/finance-care.de\/?page_id=2769","title":{"rendered":"Kreditanfrage"},"content":{"rendered":"\t\t<div data-elementor-type=\"wp-page\" data-elementor-id=\"2769\" class=\"elementor elementor-2769\">\n\t\t\t\t\t\t<section class=\"elementor-section elementor-top-section elementor-element elementor-element-79a230e finlon-column-stretched-none elementor-section-boxed elementor-section-height-default elementor-section-height-default\" data-id=\"79a230e\" data-element_type=\"section\" data-settings=\"{&quot;background_background&quot;:&quot;classic&quot;}\">\n\t\t\t\t\t\t<div class=\"elementor-container elementor-column-gap-default\">\n\t\t\t\t\t<div class=\"elementor-column elementor-col-100 elementor-top-column elementor-element elementor-element-98b7e51\" data-id=\"98b7e51\" data-element_type=\"column\">\n\t\t\t<div class=\"elementor-widget-wrap elementor-element-populated\">\n\t\t\t\t\t\t<div class=\"elementor-element elementor-element-4d1b4f9 elementor-widget elementor-widget-text-editor\" data-id=\"4d1b4f9\" data-element_type=\"widget\" data-widget_type=\"text-editor.default\">\n\t\t\t\t<div class=\"elementor-widget-container\">\n\t\t\t\t\t\t\t\t\t<p>Bitte beachten Sie, dass bei unseren Privatkrediten nicht die R\u00fcckzahlung des gesamten geliehenen Betrags innerhalb von 60 Tagen nach dem Ausstellungsdatum erforderlich ist. Wir bieten einen Zeitrahmen von 60 (2 Monaten) bis 90 (3 Monaten) Tagen ab dem Tag, an dem der Kreditnehmer den gesamten Kreditbetrag erh\u00e4lt, bevor die R\u00fcckzahlung beginnt. Z\u00f6gern Sie nicht, uns zu kontaktieren, wenn Sie Fragen haben oder mehr \u00fcber unsere Privatkreditangebote erfahren m\u00f6chten.<\/p>\t\t\t\t\t\t\t\t<\/div>\n\t\t\t\t<\/div>\n\t\t\t\t<div class=\"elementor-element elementor-element-1bf835d elementor-widget elementor-widget-everest-forms\" data-id=\"1bf835d\" data-element_type=\"widget\" data-widget_type=\"everest-forms.default\">\n\t\t\t\t<div class=\"elementor-widget-container\">\n\t\t\t\t\t\t\t\t<div class=\"everest-forms\"><div class=\"evf-container default\" id=\"evf-3588\"><form id=\"evf-form-3588\" class=\"everest-form\" data-formid=\"3588\" data-ajax_submission=\"0\" data-keyboard_friendly_form=\"0\" data-form_state_type=\"\" method=\"post\" enctype=\"multipart\/form-data\" action=\"\/index.php?rest_route=%2Fwp%2Fv2%2Fpages%2F2769\"><div class=\"evf-field-container\"><input type=\"hidden\" id=\"_wpnonce3588\" name=\"_wpnonce3588\" value=\"0fea29cd90\" \/><input type=\"hidden\" name=\"_wp_http_referer\" value=\"\/index.php?rest_route=%2Fwp%2Fv2%2Fpages%2F2769\" \/><div class=\"evf-frontend-row\" data-row=\"row_1\" conditional_rules=\"[]\"><div class=\"evf-frontend-grid evf-grid-1\" data-grid=\"grid_1\"><div id=\"evf-3588-field_ys0GeZISRs-1-container\" class=\"evf-field evf-field-first-name form-row validate-required\" data-required-field-message=\"Ce champ est n\u00e9cessaire.\" data-field-id=\"ys0GeZISRs-1\"><label class=\"evf-field-label\" for=\"evf-3588-field_ys0GeZISRs-1\"><span class=\"evf-label\">NACHNAME<\/span> <abbr class=\"required\" title=\"Required\">*<\/abbr><\/label><input type=\"text\" id=\"evf-3588-field_ys0GeZISRs-1\" class=\"input-text\" name=\"everest_forms[form_fields][ys0GeZISRs-1]\" required><\/div><div id=\"evf-3588-field_ZzajL34jfF-5-container\" class=\"evf-field evf-field-first-name form-row validate-required\" data-required-field-message=\"Ce champ est n\u00e9cessaire.\" data-field-id=\"ZzajL34jfF-5\"><label class=\"evf-field-label\" for=\"evf-3588-field_ZzajL34jfF-5\"><span class=\"evf-label\">Vorname<\/span> <abbr class=\"required\" title=\"Required\">*<\/abbr><\/label><input type=\"text\" id=\"evf-3588-field_ZzajL34jfF-5\" class=\"input-text\" name=\"everest_forms[form_fields][ZzajL34jfF-5]\" required><\/div><div id=\"evf-3588-field_hPDl8iQd5t-6-container\" class=\"evf-field evf-field-text form-row validate-required\" data-required-field-message=\"Ce champ est n\u00e9cessaire.\" data-field-id=\"hPDl8iQd5t-6\"><label class=\"evf-field-label\" for=\"evf-3588-field_hPDl8iQd5t-6\"><span class=\"evf-label\">Geburtsdatum und-ort<\/span> <abbr class=\"required\" title=\"Required\">*<\/abbr><\/label><input type=\"text\" id=\"evf-3588-field_hPDl8iQd5t-6\" class=\"input-text\" name=\"everest_forms[form_fields][hPDl8iQd5t-6]\" required><\/div><div id=\"evf-3588-field_tYQLNGRbSy-7-container\" class=\"evf-field evf-field-text form-row validate-required\" data-required-field-message=\"Ce champ est n\u00e9cessaire.\" data-field-id=\"tYQLNGRbSy-7\"><label class=\"evf-field-label\" for=\"evf-3588-field_tYQLNGRbSy-7\"><span class=\"evf-label\">Adresse<\/span> <abbr class=\"required\" title=\"Required\">*<\/abbr><\/label><input type=\"text\" id=\"evf-3588-field_tYQLNGRbSy-7\" class=\"input-text\" name=\"everest_forms[form_fields][tYQLNGRbSy-7]\" required><\/div><\/div><\/div><div class=\"evf-frontend-row\" data-row=\"row_2\" conditional_rules=\"[]\"><div class=\"evf-frontend-grid evf-grid-1\" data-grid=\"grid_1\"><div id=\"evf-3588-field_New8SulHfE-8-container\" class=\"evf-field evf-field-text form-row validate-required\" data-required-field-message=\"Ce champ est n\u00e9cessaire.\" data-field-id=\"New8SulHfE-8\"><label class=\"evf-field-label\" for=\"evf-3588-field_New8SulHfE-8\"><span class=\"evf-label\">PLZ und Ort<\/span> <abbr class=\"required\" title=\"Required\">*<\/abbr><\/label><input type=\"text\" id=\"evf-3588-field_New8SulHfE-8\" class=\"input-text\" name=\"everest_forms[form_fields][New8SulHfE-8]\" required><\/div><\/div><\/div><div class=\"evf-frontend-row\" data-row=\"row_3\" conditional_rules=\"[]\"><div class=\"evf-frontend-grid evf-grid-1\" data-grid=\"grid_1\"><div id=\"evf-3588-field_oWOOXwbeEG-9-container\" class=\"evf-field evf-field-text form-row validate-required\" data-required-field-message=\"Ce champ est n\u00e9cessaire.\" data-field-id=\"oWOOXwbeEG-9\"><label class=\"evf-field-label\" for=\"evf-3588-field_oWOOXwbeEG-9\"><span class=\"evf-label\">H\u00f6he des Darlehens<\/span> <abbr class=\"required\" title=\"Required\">*<\/abbr><\/label><input type=\"text\" id=\"evf-3588-field_oWOOXwbeEG-9\" class=\"input-text\" name=\"everest_forms[form_fields][oWOOXwbeEG-9]\" required><\/div><\/div><\/div><div class=\"evf-frontend-row\" data-row=\"row_4\" conditional_rules=\"[]\"><div class=\"evf-frontend-grid evf-grid-1\" data-grid=\"grid_1\"><div id=\"evf-3588-field_QrA1Q2yN50-10-container\" class=\"evf-field evf-field-text form-row validate-required\" data-required-field-message=\"Ce champ est n\u00e9cessaire.\" data-field-id=\"QrA1Q2yN50-10\"><label class=\"evf-field-label\" for=\"evf-3588-field_QrA1Q2yN50-10\"><span class=\"evf-label\">Laufzeit des Darlehens<\/span> <abbr class=\"required\" title=\"Required\">*<\/abbr><\/label><input type=\"text\" id=\"evf-3588-field_QrA1Q2yN50-10\" class=\"input-text\" name=\"everest_forms[form_fields][QrA1Q2yN50-10]\" required><\/div><div id=\"evf-3588-field_TBjdX1Zhuu-11-container\" class=\"evf-field evf-field-text form-row validate-required\" data-required-field-message=\"Ce champ est n\u00e9cessaire.\" data-field-id=\"TBjdX1Zhuu-11\"><label class=\"evf-field-label\" for=\"evf-3588-field_TBjdX1Zhuu-11\"><span class=\"evf-label\">Telefon<\/span> <abbr class=\"required\" title=\"Required\">*<\/abbr><\/label><input type=\"text\" id=\"evf-3588-field_TBjdX1Zhuu-11\" class=\"input-text\" name=\"everest_forms[form_fields][TBjdX1Zhuu-11]\" required><\/div><div id=\"evf-3588-field_LbH5NxasXM-2-container\" class=\"evf-field evf-field-email form-row validate-required validate-email\" data-required-field-message=\"Veuillez entrer une adresse e-mail valide.\" data-field-id=\"LbH5NxasXM-2\"><label class=\"evf-field-label\" for=\"evf-3588-field_LbH5NxasXM-2\"><span class=\"evf-label\">Email<\/span> <abbr class=\"required\" title=\"Required\">*<\/abbr><\/label><input type=\"email\" id=\"evf-3588-field_LbH5NxasXM-2\" class=\"input-text\" name=\"everest_forms[form_fields][LbH5NxasXM-2]\" required ><\/div><\/div><\/div><div class=\"evf-frontend-row\" data-row=\"row_5\" conditional_rules=\"[]\"><div class=\"evf-frontend-grid evf-grid-1\" data-grid=\"grid_1\"><\/div><\/div><\/div><div class=\"evf-honeypot-container evf-field-hp\"><label for=\"evf-3588-field-hp\" class=\"evf-field-label\">Website<\/label><input type=\"text\" name=\"everest_forms[hp]\" id=\"evf-3588-field-hp\" class=\"input-text\"><\/div><div class=\"evf-submit-container \" ><input type=\"hidden\" name=\"everest_forms[id]\" value=\"3588\"><input type=\"hidden\" name=\"everest_forms[author]\" value=\"1\"><button type='submit' name='everest_forms[submit]' class='everest-forms-submit-button button evf-submit ' id='evf-submit-3588' value='evf-submit' data-process-text=\"Wird bearbeitet\u2026\" conditional_rules='&quot;&quot;' conditional_id='evf-submit-3588'  id=\"evf-submit-3588\" aria-live=\"assertive\">EINREICHEN<\/button><\/div><\/form><\/div><!-- .evf-container --><\/div>\t\t\t\t\t\t<\/div>\n\t\t\t\t<\/div>\n\t\t\t\t\t<\/div>\n\t\t<\/div>\n\t\t\t\t\t<\/div>\n\t\t<\/section>\n\t\t\t\t<\/div>\n\t\t","protected":false},"excerpt":{"rendered":"<p>Bitte beachten Sie, dass bei unseren Privatkrediten nicht die R\u00fcckzahlung des gesamten geliehenen Betrags innerhalb von 60 Tagen nach dem Ausstellungsdatum erforderlich ist. Wir bieten einen Zeitrahmen von 60 (2 Monaten) bis 90 (3 Monaten) Tagen ab dem Tag, an dem der Kreditnehmer den gesamten Kreditbetrag erh\u00e4lt, bevor die R\u00fcckzahlung beginnt. Z\u00f6gern Sie nicht, uns [&hellip;]<\/p>\n","protected":false},"author":1,"featured_media":0,"parent":0,"menu_order":0,"comment_status":"closed","ping_status":"closed","template":"page-template\/full-width-page-template.php","meta":{"footnotes":""},"class_list":["post-2769","page","type-page","status-publish","hentry"],"_links":{"self":[{"href":"https:\/\/finance-care.de\/index.php?rest_route=\/wp\/v2\/pages\/2769","targetHints":{"allow":["GET"]}}],"collection":[{"href":"https:\/\/finance-care.de\/index.php?rest_route=\/wp\/v2\/pages"}],"about":[{"href":"https:\/\/finance-care.de\/index.php?rest_route=\/wp\/v2\/types\/page"}],"author":[{"embeddable":true,"href":"https:\/\/finance-care.de\/index.php?rest_route=\/wp\/v2\/users\/1"}],"replies":[{"embeddable":true,"href":"https:\/\/finance-care.de\/index.php?rest_route=%2Fwp%2Fv2%2Fcomments&post=2769"}],"version-history":[{"count":8,"href":"https:\/\/finance-care.de\/index.php?rest_route=\/wp\/v2\/pages\/2769\/revisions"}],"predecessor-version":[{"id":3599,"href":"https:\/\/finance-care.de\/index.php?rest_route=\/wp\/v2\/pages\/2769\/revisions\/3599"}],"wp:attachment":[{"href":"https:\/\/finance-care.de\/index.php?rest_route=%2Fwp%2Fv2%2Fmedia&parent=2769"}],"curies":[{"name":"wp","href":"https:\/\/api.w.org\/{rel}","templated":true}]}}